{"id":604,"date":"2017-11-22T22:19:47","date_gmt":"2017-11-22T22:19:47","guid":{"rendered":"http:\/\/invetlab.com\/kontakt\/"},"modified":"2017-11-28T10:07:00","modified_gmt":"2017-11-28T10:07:00","slug":"contact","status":"publish","type":"page","link":"https:\/\/invetlab.com\/en\/contact\/","title":{"rendered":"Contact"},"content":{"rendered":"<p>[et_pb_section bb_built=&#8221;1&#8243; _builder_version=&#8221;3.0.89&#8243; custom_margin=&#8221;0px|||&#8221; custom_padding=&#8221;15px||0px|&#8221;][et_pb_row _builder_version=&#8221;3.0.89&#8243;][et_pb_column type=&#8221;4_4&#8243;][et_pb_text _builder_version=&#8221;3.0.89&#8243; text_font_size=&#8221;37px&#8221; text_orientation=&#8221;center&#8221; module_alignment=&#8221;center&#8221; background_layout=&#8221;light&#8221;]<\/p>\n<h1 style=\"text-align: center;\">CONTACT<\/h1>\n<p style=\"text-align: center;\"><img loading=\"lazy\" decoding=\"async\" class=\"wp-image-247 alignnone size-full\" src=\"https:\/\/invetlab.com\/wp-content\/uploads\/invetlab-dividier.png\" alt=\"\" width=\"440\" height=\"52\" srcset=\"https:\/\/invetlab.com\/wp-content\/uploads\/invetlab-dividier.png 440w, https:\/\/invetlab.com\/wp-content\/uploads\/invetlab-dividier-300x35.png 300w\" sizes=\"auto, (max-width: 440px) 100vw, 440px\" \/><\/p>\n<p>[\/et_pb_text][\/et_pb_column][\/et_pb_row][et_pb_row custom_margin=&#8221;25px||50px|&#8221; _builder_version=&#8221;3.0.89&#8243;][et_pb_column type=&#8221;1_3&#8243;][et_pb_blurb use_icon=&#8221;on&#8221; font_icon=&#8221;%%144%%&#8221; icon_color=&#8221;#50825d&#8221; use_icon_font_size=&#8221;on&#8221; icon_font_size=&#8221;89px&#8221; _builder_version=&#8221;3.0.89&#8243; url_new_window=&#8221;off&#8221; use_circle=&#8221;off&#8221; use_circle_border=&#8221;off&#8221; icon_placement=&#8221;top&#8221; background_layout=&#8221;light&#8221;]<\/p>\n<p style=\"text-align: center;\">ADDRESS:<\/p>\n<p style=\"text-align: center;\">Branka Radi\u010devi\u0107a 7<br \/>\n22244 Ada\u0161evci<br \/>\nSrbija<\/p>\n<p>[\/et_pb_blurb][\/et_pb_column][et_pb_column type=&#8221;1_3&#8243;][et_pb_blurb use_icon=&#8221;on&#8221; font_icon=&#8221;%%153%%&#8221; icon_color=&#8221;#50825d&#8221; use_icon_font_size=&#8221;on&#8221; icon_font_size=&#8221;89px&#8221; _builder_version=&#8221;3.0.89&#8243; url_new_window=&#8221;off&#8221; use_circle=&#8221;off&#8221; use_circle_border=&#8221;off&#8221; icon_placement=&#8221;top&#8221; background_layout=&#8221;light&#8221;]<\/p>\n<p style=\"text-align: center;\">EMAIL:<\/p>\n<div class=\"icon_description_text\" style=\"text-align: center;\"><span id=\"cloak85043\"><a href=\"mailto:office@invetlab.com\">office@invetlab.com<\/a><\/span><\/div>\n<p>[\/et_pb_blurb][\/et_pb_column][et_pb_column type=&#8221;1_3&#8243;][et_pb_blurb use_icon=&#8221;on&#8221; font_icon=&#8221;%%131%%&#8221; icon_color=&#8221;#50825d&#8221; use_icon_font_size=&#8221;on&#8221; icon_font_size=&#8221;89px&#8221; _builder_version=&#8221;3.0.89&#8243; url_new_window=&#8221;off&#8221; use_circle=&#8221;off&#8221; use_circle_border=&#8221;off&#8221; icon_placement=&#8221;top&#8221; background_layout=&#8221;light&#8221;]<\/p>\n<p style=\"text-align: center;\">CONTACT PERSONS:<\/p>\n<p style=\"text-align: center;\">Nata\u0161a Goli\u0107 +381 (0) 64 162 59 20<br \/>\nIgor Mrvaljevi\u0107 +381 (0) 63 835 02 52<\/p>\n<p>[\/et_pb_blurb][\/et_pb_column][\/et_pb_row][\/et_pb_section][et_pb_section bb_built=&#8221;1&#8243; fullwidth=&#8221;on&#8221; _builder_version=&#8221;3.0.89&#8243;][et_pb_fullwidth_map address=&#8221;Branka Radi\u010devic\u0301a 7, Ada\u0161evci, Serbia&#8221; zoom_level=&#8221;17&#8243; address_lat=&#8221;45.080894624286&#8243; address_lng=&#8221;19.222283443655&#8243; _builder_version=&#8221;3.0.89&#8243;]<\/p>\n<p>[et_pb_map_pin title=&#8221;InvetLab&#8221; pin_address=&#8221;Branka Radi\u010devic\u0301a 7, Ada\u0161evci, Serbia&#8221; pin_address_lat=&#8221;45.0809022&#8243; pin_address_lng=&#8221;19.2216719&#8243; _builder_version=&#8221;3.0.89&#8243;][\/et_pb_map_pin]<\/p>\n<p>[\/et_pb_fullwidth_map][\/et_pb_section]<\/p>\n","protected":false},"excerpt":{"rendered":"<p>CONTACT ADDRESS: Branka Radi\u010devi\u0107a 7 22244 Ada\u0161evci Srbija EMAIL: office@invetlab.com CONTACT PERSONS: Nata\u0161a Goli\u0107 +381 (0) 64 162 59 20 Igor Mrvaljevi\u0107 +381 (0) 63 835 02 52<\/p>\n","protected":false},"author":1,"featured_media":0,"parent":0,"menu_order":0,"comment_status":"closed","ping_status":"closed","template":"","meta":{"_et_pb_use_builder":"on","_et_pb_old_content":"","_et_gb_content_width":"","footnotes":""},"class_list":["post-604","page","type-page","status-publish","hentry"],"yoast_head":"<!-- This site is optimized with the Yoast SEO plugin v27.0 - https:\/\/yoast.com\/product\/yoast-seo-wordpress\/ -->\n<title>Contact<\/title>\n<meta name=\"robots\" content=\"index, follow, max-snippet:-1, max-image-preview:large, max-video-preview:-1\" \/>\n<link rel=\"canonical\" href=\"https:\/\/invetlab.com\/en\/contact\/\" \/>\n<meta property=\"og:locale\" content=\"en_US\" \/>\n<meta property=\"og:type\" content=\"article\" \/>\n<meta property=\"og:title\" content=\"Contact\" \/>\n<meta property=\"og:url\" content=\"https:\/\/invetlab.com\/en\/contact\/\" \/>\n<meta property=\"og:site_name\" content=\"InvetLab\" \/>\n<meta property=\"article:publisher\" content=\"https:\/\/www.facebook.com\/invetlab\" \/>\n<meta property=\"article:modified_time\" content=\"2017-11-28T10:07:00+00:00\" \/>\n<meta property=\"og:image\" content=\"https:\/\/invetlab.com\/wp-content\/uploads\/invetlab-dividier.png\" \/>\n\t<meta property=\"og:image:width\" content=\"440\" \/>\n\t<meta property=\"og:image:height\" content=\"52\" \/>\n\t<meta property=\"og:image:type\" content=\"image\/png\" \/>\n<meta name=\"twitter:card\" content=\"summary_large_image\" \/>\n<meta name=\"twitter:site\" content=\"@Invetlab\" \/>\n<meta name=\"twitter:label1\" content=\"Est. reading time\" \/>\n\t<meta name=\"twitter:data1\" content=\"1 minute\" \/>\n<script type=\"application\/ld+json\" class=\"yoast-schema-graph\">{\"@context\":\"https:\/\/schema.org\",\"@graph\":[{\"@type\":\"WebPage\",\"@id\":\"https:\/\/invetlab.com\/en\/contact\/\",\"url\":\"https:\/\/invetlab.com\/en\/contact\/\",\"name\":\"Contact\",\"isPartOf\":{\"@id\":\"https:\/\/invetlab.com\/#website\"},\"primaryImageOfPage\":{\"@id\":\"https:\/\/invetlab.com\/en\/contact\/#primaryimage\"},\"image\":{\"@id\":\"https:\/\/invetlab.com\/en\/contact\/#primaryimage\"},\"thumbnailUrl\":\"https:\/\/invetlab.com\/wp-content\/uploads\/invetlab-dividier.png\",\"datePublished\":\"2017-11-22T22:19:47+00:00\",\"dateModified\":\"2017-11-28T10:07:00+00:00\",\"breadcrumb\":{\"@id\":\"https:\/\/invetlab.com\/en\/contact\/#breadcrumb\"},\"inLanguage\":\"en-US\",\"potentialAction\":[{\"@type\":\"ReadAction\",\"target\":[\"https:\/\/invetlab.com\/en\/contact\/\"]}]},{\"@type\":\"ImageObject\",\"inLanguage\":\"en-US\",\"@id\":\"https:\/\/invetlab.com\/en\/contact\/#primaryimage\",\"url\":\"https:\/\/invetlab.com\/wp-content\/uploads\/invetlab-dividier.png\",\"contentUrl\":\"https:\/\/invetlab.com\/wp-content\/uploads\/invetlab-dividier.png\"},{\"@type\":\"BreadcrumbList\",\"@id\":\"https:\/\/invetlab.com\/en\/contact\/#breadcrumb\",\"itemListElement\":[{\"@type\":\"ListItem\",\"position\":1,\"name\":\"Home\",\"item\":\"https:\/\/invetlab.com\/en\/\"},{\"@type\":\"ListItem\",\"position\":2,\"name\":\"Contact\"}]},{\"@type\":\"WebSite\",\"@id\":\"https:\/\/invetlab.com\/#website\",\"url\":\"https:\/\/invetlab.com\/\",\"name\":\"InvetLab\",\"description\":\"Hira Vet probiotik\",\"publisher\":{\"@id\":\"https:\/\/invetlab.com\/#organization\"},\"potentialAction\":[{\"@type\":\"SearchAction\",\"target\":{\"@type\":\"EntryPoint\",\"urlTemplate\":\"https:\/\/invetlab.com\/?s={search_term_string}\"},\"query-input\":{\"@type\":\"PropertyValueSpecification\",\"valueRequired\":true,\"valueName\":\"search_term_string\"}}],\"inLanguage\":\"en-US\"},{\"@type\":\"Organization\",\"@id\":\"https:\/\/invetlab.com\/#organization\",\"name\":\"INVETLAB D.O.O. Ada\u0161evci\",\"url\":\"https:\/\/invetlab.com\/\",\"logo\":{\"@type\":\"ImageObject\",\"inLanguage\":\"en-US\",\"@id\":\"https:\/\/invetlab.com\/#\/schema\/logo\/image\/\",\"url\":\"https:\/\/invetlab.com\/wp-content\/uploads\/logo.png\",\"contentUrl\":\"https:\/\/invetlab.com\/wp-content\/uploads\/logo.png\",\"width\":230,\"height\":40,\"caption\":\"INVETLAB D.O.O. Ada\u0161evci\"},\"image\":{\"@id\":\"https:\/\/invetlab.com\/#\/schema\/logo\/image\/\"},\"sameAs\":[\"https:\/\/www.facebook.com\/invetlab\",\"https:\/\/x.com\/Invetlab\",\"https:\/\/www.instagram.com\/invetlab\/\",\"https:\/\/www.youtube.com\/channel\/UCtJ63pZOWoXfJassZqRQh9Q\"]}]}<\/script>\n<!-- \/ Yoast SEO plugin. -->","yoast_head_json":{"title":"Contact","robots":{"index":"index","follow":"follow","max-snippet":"max-snippet:-1","max-image-preview":"max-image-preview:large","max-video-preview":"max-video-preview:-1"},"canonical":"https:\/\/invetlab.com\/en\/contact\/","og_locale":"en_US","og_type":"article","og_title":"Contact","og_url":"https:\/\/invetlab.com\/en\/contact\/","og_site_name":"InvetLab","article_publisher":"https:\/\/www.facebook.com\/invetlab","article_modified_time":"2017-11-28T10:07:00+00:00","og_image":[{"width":440,"height":52,"url":"https:\/\/invetlab.com\/wp-content\/uploads\/invetlab-dividier.png","type":"image\/png"}],"twitter_card":"summary_large_image","twitter_site":"@Invetlab","twitter_misc":{"Est. reading time":"1 minute"},"schema":{"@context":"https:\/\/schema.org","@graph":[{"@type":"WebPage","@id":"https:\/\/invetlab.com\/en\/contact\/","url":"https:\/\/invetlab.com\/en\/contact\/","name":"Contact","isPartOf":{"@id":"https:\/\/invetlab.com\/#website"},"primaryImageOfPage":{"@id":"https:\/\/invetlab.com\/en\/contact\/#primaryimage"},"image":{"@id":"https:\/\/invetlab.com\/en\/contact\/#primaryimage"},"thumbnailUrl":"https:\/\/invetlab.com\/wp-content\/uploads\/invetlab-dividier.png","datePublished":"2017-11-22T22:19:47+00:00","dateModified":"2017-11-28T10:07:00+00:00","breadcrumb":{"@id":"https:\/\/invetlab.com\/en\/contact\/#breadcrumb"},"inLanguage":"en-US","potentialAction":[{"@type":"ReadAction","target":["https:\/\/invetlab.com\/en\/contact\/"]}]},{"@type":"ImageObject","inLanguage":"en-US","@id":"https:\/\/invetlab.com\/en\/contact\/#primaryimage","url":"https:\/\/invetlab.com\/wp-content\/uploads\/invetlab-dividier.png","contentUrl":"https:\/\/invetlab.com\/wp-content\/uploads\/invetlab-dividier.png"},{"@type":"BreadcrumbList","@id":"https:\/\/invetlab.com\/en\/contact\/#breadcrumb","itemListElement":[{"@type":"ListItem","position":1,"name":"Home","item":"https:\/\/invetlab.com\/en\/"},{"@type":"ListItem","position":2,"name":"Contact"}]},{"@type":"WebSite","@id":"https:\/\/invetlab.com\/#website","url":"https:\/\/invetlab.com\/","name":"InvetLab","description":"Hira Vet probiotik","publisher":{"@id":"https:\/\/invetlab.com\/#organization"},"potentialAction":[{"@type":"SearchAction","target":{"@type":"EntryPoint","urlTemplate":"https:\/\/invetlab.com\/?s={search_term_string}"},"query-input":{"@type":"PropertyValueSpecification","valueRequired":true,"valueName":"search_term_string"}}],"inLanguage":"en-US"},{"@type":"Organization","@id":"https:\/\/invetlab.com\/#organization","name":"INVETLAB D.O.O. Ada\u0161evci","url":"https:\/\/invetlab.com\/","logo":{"@type":"ImageObject","inLanguage":"en-US","@id":"https:\/\/invetlab.com\/#\/schema\/logo\/image\/","url":"https:\/\/invetlab.com\/wp-content\/uploads\/logo.png","contentUrl":"https:\/\/invetlab.com\/wp-content\/uploads\/logo.png","width":230,"height":40,"caption":"INVETLAB D.O.O. Ada\u0161evci"},"image":{"@id":"https:\/\/invetlab.com\/#\/schema\/logo\/image\/"},"sameAs":["https:\/\/www.facebook.com\/invetlab","https:\/\/x.com\/Invetlab","https:\/\/www.instagram.com\/invetlab\/","https:\/\/www.youtube.com\/channel\/UCtJ63pZOWoXfJassZqRQh9Q"]}]}},"_links":{"self":[{"href":"https:\/\/invetlab.com\/en\/wp-json\/wp\/v2\/pages\/604","targetHints":{"allow":["GET"]}}],"collection":[{"href":"https:\/\/invetlab.com\/en\/wp-json\/wp\/v2\/pages"}],"about":[{"href":"https:\/\/invetlab.com\/en\/wp-json\/wp\/v2\/types\/page"}],"author":[{"embeddable":true,"href":"https:\/\/invetlab.com\/en\/wp-json\/wp\/v2\/users\/1"}],"replies":[{"embeddable":true,"href":"https:\/\/invetlab.com\/en\/wp-json\/wp\/v2\/comments?post=604"}],"version-history":[{"count":5,"href":"https:\/\/invetlab.com\/en\/wp-json\/wp\/v2\/pages\/604\/revisions"}],"predecessor-version":[{"id":617,"href":"https:\/\/invetlab.com\/en\/wp-json\/wp\/v2\/pages\/604\/revisions\/617"}],"wp:attachment":[{"href":"https:\/\/invetlab.com\/en\/wp-json\/wp\/v2\/media?parent=604"}],"curies":[{"name":"wp","href":"https:\/\/api.w.org\/{rel}","templated":true}]}}