{"id":599,"date":"2017-11-22T22:19:03","date_gmt":"2017-11-22T22:19:03","guid":{"rendered":"http:\/\/invetlab.com\/istrazivanje-i-razvoj\/"},"modified":"2018-03-14T14:35:23","modified_gmt":"2018-03-14T14:35:23","slug":"research-and-developement","status":"publish","type":"page","link":"https:\/\/invetlab.com\/en\/research-and-developement\/","title":{"rendered":"Research and development"},"content":{"rendered":"<p>[et_pb_section bb_built=&#8221;1&#8243; _builder_version=&#8221;3.0.89&#8243; custom_margin=&#8221;0px|||&#8221; custom_padding=&#8221;15px||0px|&#8221; next_background_color=&#8221;#000000&#8243;][et_pb_row custom_padding=&#8221;32px|0px|32px|0px&#8221; _builder_version=&#8221;3.0.47&#8243; background_size=&#8221;initial&#8221; background_position=&#8221;top_left&#8221; background_repeat=&#8221;repeat&#8221;][et_pb_column type=&#8221;4_4&#8243;][et_pb_text _builder_version=&#8221;3.0.89&#8243; text_font=&#8221;||||||||&#8221; text_font_size=&#8221;37px&#8221; text_orientation=&#8221;center&#8221; module_alignment=&#8221;center&#8221;]<\/p>\n<h1 style=\"text-align: center;\">Research and development<\/h1>\n<p><img loading=\"lazy\" decoding=\"async\" class=\"wp-image-247 alignnone size-full\" style=\"text-align: center;\" src=\"https:\/\/invetlab.com\/wp-content\/uploads\/invetlab-dividier.png\" alt=\"\" width=\"440\" height=\"52\" srcset=\"https:\/\/invetlab.com\/wp-content\/uploads\/invetlab-dividier.png 440w, https:\/\/invetlab.com\/wp-content\/uploads\/invetlab-dividier-300x35.png 300w\" sizes=\"auto, (max-width: 440px) 100vw, 440px\" \/><\/p>\n<p>[\/et_pb_text][\/et_pb_column][\/et_pb_row][et_pb_row _builder_version=&#8221;3.0.89&#8243;][et_pb_column type=&#8221;4_4&#8243;][et_pb_text _builder_version=&#8221;3.0.106&#8243; background_layout=&#8221;light&#8221;]<\/p>\n<p>Projects:<\/p>\n<ol>\n<li>\u201cScale-up for industrial production of novel probiotic for intestinal infections of non-human mammals&#8221;, financed by EU delegation with technical assistance from the World Bank.<\/li>\n<li>2017-2018. \u201cDevelopment of technological processes for production of innovative probiotic products for prevention and treatment of intestinal infections in animals\u201d, financed by Innovation fund.<\/li>\n<\/ol>\n<p>&nbsp;<\/p>\n<p><span style=\"font-size: 17px;\">Published papers:<\/span><\/p>\n<p><a href=\"https:\/\/www.ncbi.nlm.nih.gov\/pubmed\/?term=In+vitro+and+in+vivo+antagonistic+activity+of+new+probiotic+culture+against+Clostridium+difficile+and+Clostridium+perfringens\">1.\u00a0Goli\u0107 N, Veljovi\u0107 K, Popovi\u0107 N, \u0110oki\u0107 J, Strahini\u0107 I, Mrvaljevi\u0107 I, Terzi\u0107-Vidojevi\u0107 A. 2017. In vitro and in vivo antagonistic activity of new probiotic culture against <em>Clostridium difficile<\/em> and <em>Clostridium perfringens<\/em>. BMC Microbiology 17:108.\u00a0doi: 10.1186\/s12866-\u200e017-1015-5<\/a><\/p>\n<p><a href=\"https:\/\/www.ncbi.nlm.nih.gov\/pubmed\/29104563\">2.\u00a0Veljovi\u0107 K, Dini\u0107 M, Luki\u0107 J, Mihajlovi\u0107 S, Tolina\u010dki M, \u017divkovi\u0107 M, Begovi\u0107 J, Mrvaljevi\u0107 I, Goli\u0107 N and Terzi\u0107-Vidojevi\u0107 A (2017) Promotion of Early Gut Colonization by Probiotic Intervention on Microbiota Diversity in Pregnant Sows. Front. Microbiol. 8:2028.\u00a0doi: 10.3389\/fmicb.2017.02028<\/a><\/p>\n<p>&nbsp;<\/p>\n<p>Patents:<\/p>\n<p><a href=\"https:\/\/patentscope.wipo.int\/search\/en\/detail.jsf?docId=WO2017105267&amp;recNum=1&amp;maxRec=&amp;office=&amp;prevFilter=&amp;sortOption=&amp;queryString=&amp;tab=PCT+Biblio\">1.\u00a0(WO2017105267) NEW PROBIOTIC STARTER CULTURE FOR HUMAN AND ANIMAL USE<\/a><\/p>\n<p>[\/et_pb_text][\/et_pb_column][\/et_pb_row][\/et_pb_section][et_pb_section bb_built=&#8221;1&#8243; _builder_version=&#8221;3.0.89&#8243; prev_background_color=&#8221;#000000&#8243;][et_pb_row _builder_version=&#8221;3.0.89&#8243;][et_pb_column type=&#8221;2_3&#8243;][et_pb_image src=&#8221;https:\/\/invetlab.com\/wp-content\/uploads\/team-logo.jpg&#8221; _builder_version=&#8221;3.0.89&#8243; max_width=&#8221;50%&#8221;]<\/p>\n<p>&nbsp;<\/p>\n<p>[\/et_pb_image][\/et_pb_column][et_pb_column type=&#8221;1_3&#8243;][\/et_pb_column][\/et_pb_row][\/et_pb_section]<\/p>\n","protected":false},"excerpt":{"rendered":"<p>Research and development Projects: \u201cScale-up for industrial production of novel probiotic for intestinal infections of non-human mammals&#8221;, financed by EU delegation with technical assistance from the World Bank. 2017-2018. \u201cDevelopment of technological processes for production of innovative probiotic products for prevention and treatment of intestinal infections in animals\u201d, financed by Innovation fund. &nbsp; Published papers: [&hellip;]<\/p>\n","protected":false},"author":1,"featured_media":0,"parent":0,"menu_order":0,"comment_status":"closed","ping_status":"closed","template":"","meta":{"_et_pb_use_builder":"on","_et_pb_old_content":"","_et_gb_content_width":"","footnotes":""},"class_list":["post-599","page","type-page","status-publish","hentry"],"yoast_head":"<!-- This site is optimized with the Yoast SEO plugin v27.0 - https:\/\/yoast.com\/product\/yoast-seo-wordpress\/ -->\n<title>Research and development<\/title>\n<meta name=\"robots\" content=\"index, follow, max-snippet:-1, max-image-preview:large, max-video-preview:-1\" \/>\n<link rel=\"canonical\" href=\"https:\/\/invetlab.com\/en\/research-and-developement\/\" \/>\n<meta property=\"og:locale\" content=\"en_US\" \/>\n<meta property=\"og:type\" content=\"article\" \/>\n<meta property=\"og:title\" content=\"Research and development\" \/>\n<meta property=\"og:url\" content=\"https:\/\/invetlab.com\/en\/research-and-developement\/\" \/>\n<meta property=\"og:site_name\" content=\"InvetLab\" \/>\n<meta property=\"article:publisher\" content=\"https:\/\/www.facebook.com\/invetlab\" \/>\n<meta property=\"article:modified_time\" content=\"2018-03-14T14:35:23+00:00\" \/>\n<meta property=\"og:image\" content=\"https:\/\/invetlab.com\/wp-content\/uploads\/invetlab-dividier.png\" \/>\n<meta name=\"twitter:card\" content=\"summary_large_image\" \/>\n<meta name=\"twitter:site\" content=\"@Invetlab\" \/>\n<meta name=\"twitter:label1\" content=\"Est. reading time\" \/>\n\t<meta name=\"twitter:data1\" content=\"1 minute\" \/>\n<script type=\"application\/ld+json\" class=\"yoast-schema-graph\">{\"@context\":\"https:\/\/schema.org\",\"@graph\":[{\"@type\":\"WebPage\",\"@id\":\"https:\/\/invetlab.com\/en\/research-and-developement\/\",\"url\":\"https:\/\/invetlab.com\/en\/research-and-developement\/\",\"name\":\"Research and development\",\"isPartOf\":{\"@id\":\"https:\/\/invetlab.com\/#website\"},\"primaryImageOfPage\":{\"@id\":\"https:\/\/invetlab.com\/en\/research-and-developement\/#primaryimage\"},\"image\":{\"@id\":\"https:\/\/invetlab.com\/en\/research-and-developement\/#primaryimage\"},\"thumbnailUrl\":\"https:\/\/invetlab.com\/wp-content\/uploads\/invetlab-dividier.png\",\"datePublished\":\"2017-11-22T22:19:03+00:00\",\"dateModified\":\"2018-03-14T14:35:23+00:00\",\"breadcrumb\":{\"@id\":\"https:\/\/invetlab.com\/en\/research-and-developement\/#breadcrumb\"},\"inLanguage\":\"en-US\",\"potentialAction\":[{\"@type\":\"ReadAction\",\"target\":[\"https:\/\/invetlab.com\/en\/research-and-developement\/\"]}]},{\"@type\":\"ImageObject\",\"inLanguage\":\"en-US\",\"@id\":\"https:\/\/invetlab.com\/en\/research-and-developement\/#primaryimage\",\"url\":\"https:\/\/invetlab.com\/wp-content\/uploads\/invetlab-dividier.png\",\"contentUrl\":\"https:\/\/invetlab.com\/wp-content\/uploads\/invetlab-dividier.png\"},{\"@type\":\"BreadcrumbList\",\"@id\":\"https:\/\/invetlab.com\/en\/research-and-developement\/#breadcrumb\",\"itemListElement\":[{\"@type\":\"ListItem\",\"position\":1,\"name\":\"Home\",\"item\":\"https:\/\/invetlab.com\/en\/\"},{\"@type\":\"ListItem\",\"position\":2,\"name\":\"Research and development\"}]},{\"@type\":\"WebSite\",\"@id\":\"https:\/\/invetlab.com\/#website\",\"url\":\"https:\/\/invetlab.com\/\",\"name\":\"InvetLab\",\"description\":\"Hira Vet probiotik\",\"publisher\":{\"@id\":\"https:\/\/invetlab.com\/#organization\"},\"potentialAction\":[{\"@type\":\"SearchAction\",\"target\":{\"@type\":\"EntryPoint\",\"urlTemplate\":\"https:\/\/invetlab.com\/?s={search_term_string}\"},\"query-input\":{\"@type\":\"PropertyValueSpecification\",\"valueRequired\":true,\"valueName\":\"search_term_string\"}}],\"inLanguage\":\"en-US\"},{\"@type\":\"Organization\",\"@id\":\"https:\/\/invetlab.com\/#organization\",\"name\":\"INVETLAB D.O.O. Ada\u0161evci\",\"url\":\"https:\/\/invetlab.com\/\",\"logo\":{\"@type\":\"ImageObject\",\"inLanguage\":\"en-US\",\"@id\":\"https:\/\/invetlab.com\/#\/schema\/logo\/image\/\",\"url\":\"https:\/\/invetlab.com\/wp-content\/uploads\/logo.png\",\"contentUrl\":\"https:\/\/invetlab.com\/wp-content\/uploads\/logo.png\",\"width\":230,\"height\":40,\"caption\":\"INVETLAB D.O.O. Ada\u0161evci\"},\"image\":{\"@id\":\"https:\/\/invetlab.com\/#\/schema\/logo\/image\/\"},\"sameAs\":[\"https:\/\/www.facebook.com\/invetlab\",\"https:\/\/x.com\/Invetlab\",\"https:\/\/www.instagram.com\/invetlab\/\",\"https:\/\/www.youtube.com\/channel\/UCtJ63pZOWoXfJassZqRQh9Q\"]}]}<\/script>\n<!-- \/ Yoast SEO plugin. -->","yoast_head_json":{"title":"Research and development","robots":{"index":"index","follow":"follow","max-snippet":"max-snippet:-1","max-image-preview":"max-image-preview:large","max-video-preview":"max-video-preview:-1"},"canonical":"https:\/\/invetlab.com\/en\/research-and-developement\/","og_locale":"en_US","og_type":"article","og_title":"Research and development","og_url":"https:\/\/invetlab.com\/en\/research-and-developement\/","og_site_name":"InvetLab","article_publisher":"https:\/\/www.facebook.com\/invetlab","article_modified_time":"2018-03-14T14:35:23+00:00","og_image":[{"url":"https:\/\/invetlab.com\/wp-content\/uploads\/invetlab-dividier.png","type":"","width":"","height":""}],"twitter_card":"summary_large_image","twitter_site":"@Invetlab","twitter_misc":{"Est. reading time":"1 minute"},"schema":{"@context":"https:\/\/schema.org","@graph":[{"@type":"WebPage","@id":"https:\/\/invetlab.com\/en\/research-and-developement\/","url":"https:\/\/invetlab.com\/en\/research-and-developement\/","name":"Research and development","isPartOf":{"@id":"https:\/\/invetlab.com\/#website"},"primaryImageOfPage":{"@id":"https:\/\/invetlab.com\/en\/research-and-developement\/#primaryimage"},"image":{"@id":"https:\/\/invetlab.com\/en\/research-and-developement\/#primaryimage"},"thumbnailUrl":"https:\/\/invetlab.com\/wp-content\/uploads\/invetlab-dividier.png","datePublished":"2017-11-22T22:19:03+00:00","dateModified":"2018-03-14T14:35:23+00:00","breadcrumb":{"@id":"https:\/\/invetlab.com\/en\/research-and-developement\/#breadcrumb"},"inLanguage":"en-US","potentialAction":[{"@type":"ReadAction","target":["https:\/\/invetlab.com\/en\/research-and-developement\/"]}]},{"@type":"ImageObject","inLanguage":"en-US","@id":"https:\/\/invetlab.com\/en\/research-and-developement\/#primaryimage","url":"https:\/\/invetlab.com\/wp-content\/uploads\/invetlab-dividier.png","contentUrl":"https:\/\/invetlab.com\/wp-content\/uploads\/invetlab-dividier.png"},{"@type":"BreadcrumbList","@id":"https:\/\/invetlab.com\/en\/research-and-developement\/#breadcrumb","itemListElement":[{"@type":"ListItem","position":1,"name":"Home","item":"https:\/\/invetlab.com\/en\/"},{"@type":"ListItem","position":2,"name":"Research and development"}]},{"@type":"WebSite","@id":"https:\/\/invetlab.com\/#website","url":"https:\/\/invetlab.com\/","name":"InvetLab","description":"Hira Vet probiotik","publisher":{"@id":"https:\/\/invetlab.com\/#organization"},"potentialAction":[{"@type":"SearchAction","target":{"@type":"EntryPoint","urlTemplate":"https:\/\/invetlab.com\/?s={search_term_string}"},"query-input":{"@type":"PropertyValueSpecification","valueRequired":true,"valueName":"search_term_string"}}],"inLanguage":"en-US"},{"@type":"Organization","@id":"https:\/\/invetlab.com\/#organization","name":"INVETLAB D.O.O. Ada\u0161evci","url":"https:\/\/invetlab.com\/","logo":{"@type":"ImageObject","inLanguage":"en-US","@id":"https:\/\/invetlab.com\/#\/schema\/logo\/image\/","url":"https:\/\/invetlab.com\/wp-content\/uploads\/logo.png","contentUrl":"https:\/\/invetlab.com\/wp-content\/uploads\/logo.png","width":230,"height":40,"caption":"INVETLAB D.O.O. Ada\u0161evci"},"image":{"@id":"https:\/\/invetlab.com\/#\/schema\/logo\/image\/"},"sameAs":["https:\/\/www.facebook.com\/invetlab","https:\/\/x.com\/Invetlab","https:\/\/www.instagram.com\/invetlab\/","https:\/\/www.youtube.com\/channel\/UCtJ63pZOWoXfJassZqRQh9Q"]}]}},"_links":{"self":[{"href":"https:\/\/invetlab.com\/en\/wp-json\/wp\/v2\/pages\/599","targetHints":{"allow":["GET"]}}],"collection":[{"href":"https:\/\/invetlab.com\/en\/wp-json\/wp\/v2\/pages"}],"about":[{"href":"https:\/\/invetlab.com\/en\/wp-json\/wp\/v2\/types\/page"}],"author":[{"embeddable":true,"href":"https:\/\/invetlab.com\/en\/wp-json\/wp\/v2\/users\/1"}],"replies":[{"embeddable":true,"href":"https:\/\/invetlab.com\/en\/wp-json\/wp\/v2\/comments?post=599"}],"version-history":[{"count":14,"href":"https:\/\/invetlab.com\/en\/wp-json\/wp\/v2\/pages\/599\/revisions"}],"predecessor-version":[{"id":834,"href":"https:\/\/invetlab.com\/en\/wp-json\/wp\/v2\/pages\/599\/revisions\/834"}],"wp:attachment":[{"href":"https:\/\/invetlab.com\/en\/wp-json\/wp\/v2\/media?parent=599"}],"curies":[{"name":"wp","href":"https:\/\/api.w.org\/{rel}","templated":true}]}}